{"id":1062,"date":"2023-10-25T22:03:42","date_gmt":"2023-10-26T01:03:42","guid":{"rendered":"https:\/\/larvatusprodeo.com.br\/loja\/?post_type=product&#038;p=1062"},"modified":"2026-01-05T10:27:49","modified_gmt":"2026-01-05T13:27:49","slug":"adolescer-no-real-ensaios-sobre-esse-sujeito-adolescente","status":"publish","type":"product","link":"https:\/\/larvatusprodeo.com.br\/loja\/index.php\/produto\/adolescer-no-real-ensaios-sobre-esse-sujeito-adolescente\/","title":{"rendered":"Adolescer no Real &#8211; Ensaios sobre Esse Sujeito Adolescente"},"content":{"rendered":"<p>A adolesc\u00eancia, ou o adolescer, \u00e9 para o sujeito um trabalho que se inicia com a puberdade, implica um desligamento dos pais e \u00e9 o momento do encontro com os imposs\u00edveis, sem retorno. Adolescer no Real, traz o horror e a ang\u00fastia ao descobrir o objeto que se foi para o Outro, o sujeito adolescente se depara com o real da incompletude do encontro sexual e com a responsabili-dade do ato. Travessia mais ou menos tumultuada, que ser\u00e1 determinada pela hist\u00f3ria de vida de cada sujeito, seu percurso e a virul\u00eancia com que empreende o in\u00edcio dela, e Alberti destaca, dif\u00edcil saber quando esta termina. (Alberti, 1996).<br \/>\nBruna Americano<\/p>\n<p>Bruna Americano e Heloene Ferreira (orgs)<\/p>\n","protected":false},"excerpt":{"rendered":"<p>A adolesc\u00eancia, ou o adolescer, \u00e9 para o sujeito um trabalho que se inicia com a puberdade, implica um desligamento dos pais e \u00e9 o momento do encontro com os imposs\u00edveis, sem retorno. Adolescer no Real, traz o horror e a ang\u00fastia ao descobrir o objeto que se foi para o Outro, o sujeito adolescente se depara com o real da incompletude do encontro sexual e com a responsabili-dade do ato. Travessia mais ou menos tumultuada, que ser\u00e1 determinada pela hist\u00f3ria de vida de cada sujeito, seu percurso e a virul\u00eancia com que empreende o in\u00edcio dela, e Alberti destaca, dif\u00edcil saber quando esta termina. (Alberti, 1996).<br \/>\nBruna Americano<\/p>\n<p>Bruna Americano e Heloene Ferreira (orgs)<\/p>\n","protected":false},"featured_media":1063,"comment_status":"open","ping_status":"closed","template":"","meta":[],"product_brand":[],"product_cat":[17,19],"product_tag":[],"class_list":{"0":"post-1062","1":"product","2":"type-product","3":"status-publish","4":"has-post-thumbnail","6":"product_cat-heresia-lacaniana","7":"product_cat-livros","8":"product_shipping_class-livros","10":"first","11":"outofstock","12":"shipping-taxable","13":"purchasable","14":"product-type-simple"},"_links":{"self":[{"href":"https:\/\/larvatusprodeo.com.br\/loja\/index.php\/wp-json\/wp\/v2\/product\/1062","targetHints":{"allow":["GET"]}}],"collection":[{"href":"https:\/\/larvatusprodeo.com.br\/loja\/index.php\/wp-json\/wp\/v2\/product"}],"about":[{"href":"https:\/\/larvatusprodeo.com.br\/loja\/index.php\/wp-json\/wp\/v2\/types\/product"}],"replies":[{"embeddable":true,"href":"https:\/\/larvatusprodeo.com.br\/loja\/index.php\/wp-json\/wp\/v2\/comments?post=1062"}],"wp:featuredmedia":[{"embeddable":true,"href":"https:\/\/larvatusprodeo.com.br\/loja\/index.php\/wp-json\/wp\/v2\/media\/1063"}],"wp:attachment":[{"href":"https:\/\/larvatusprodeo.com.br\/loja\/index.php\/wp-json\/wp\/v2\/media?parent=1062"}],"wp:term":[{"taxonomy":"product_brand","embeddable":true,"href":"https:\/\/larvatusprodeo.com.br\/loja\/index.php\/wp-json\/wp\/v2\/product_brand?post=1062"},{"taxonomy":"product_cat","embeddable":true,"href":"https:\/\/larvatusprodeo.com.br\/loja\/index.php\/wp-json\/wp\/v2\/product_cat?post=1062"},{"taxonomy":"product_tag","embeddable":true,"href":"https:\/\/larvatusprodeo.com.br\/loja\/index.php\/wp-json\/wp\/v2\/product_tag?post=1062"}],"curies":[{"name":"wp","href":"https:\/\/api.w.org\/{rel}","templated":true}]}}