{"id":1196,"date":"2024-06-18T19:50:02","date_gmt":"2024-06-18T22:50:02","guid":{"rendered":"https:\/\/larvatusprodeo.com.br\/loja\/?post_type=product&#038;p=1196"},"modified":"2026-04-15T15:37:57","modified_gmt":"2026-04-15T18:37:57","slug":"abusos-do-sexual","status":"publish","type":"product","link":"https:\/\/larvatusprodeo.com.br\/loja\/index.php\/produto\/abusos-do-sexual\/","title":{"rendered":"ABusoS DO SEXUAL"},"content":{"rendered":"<p>Os casos de crian\u00e7as e fam\u00edlias envolvidas em situa\u00e7\u00f5es de viol\u00eancia sexual quase sempre s\u00e3o pol\u00eamicos e levantam quest\u00f5es para todos os envolvidos: cuidadores, comunidade, t\u00e9cnicos da sa\u00fade, educa\u00e7\u00e3o, justi\u00e7a e sistema de assist\u00eancia social. Fundamentado na \u00e9tica da psican\u00e1lise e em suas contribui\u00e7\u00f5es para a dire\u00e7\u00e3o do tratamento nessas circunst\u00e2ncias, o livro aborda os usos e ABusoS dos corpos e problematiza a complexidade da escuta do sujeito envolvido na trama do sexual. A cl\u00ednica psicanal\u00edtica aposta na exist\u00eancia do inconsciente e suas forma\u00e7\u00f5es, oferecendo uma modalidade de tratamento para al\u00e9m da moral sexual civilizada e das normas jur\u00eddicas, sociais e pedag\u00f3gicas. Assim, configura um campo espec\u00edfico de a\u00e7\u00e3o, e guarda o desafio do encontro com outros discursos \u00e0s vezes equivocadamente considerados antag\u00f4nicos. Um escrito primordial no tempo em que a onda negacionista se imp\u00f5e e parece nos jogar no status quo ante da descoberta freudiana do inconsciente e da sexualidade infantil.<\/p>\n<p>Pedro Moacyr Brand\u00e3o Jr<\/p>\n<p>&nbsp;<\/p>\n<p>&nbsp;<\/p>\n","protected":false},"excerpt":{"rendered":"<p>Os casos de crian\u00e7as e fam\u00edlias envolvidas em situa\u00e7\u00f5es de viol\u00eancia sexual quase sempre s\u00e3o pol\u00eamicos e levantam quest\u00f5es para todos os envolvidos: cuidadores, comunidade, t\u00e9cnicos da sa\u00fade, educa\u00e7\u00e3o, justi\u00e7a e sistema de assist\u00eancia social. Fundamentado na \u00e9tica da psican\u00e1lise e em suas contribui\u00e7\u00f5es para a dire\u00e7\u00e3o do tratamento nessas circunst\u00e2ncias, o livro aborda os usos e ABusoS dos corpos e problematiza a complexidade da escuta do sujeito envolvido na trama do sexual. A cl\u00ednica psicanal\u00edtica aposta na exist\u00eancia do inconsciente e suas forma\u00e7\u00f5es, oferecendo uma modalidade de tratamento para al\u00e9m da moral sexual civilizada e das normas jur\u00eddicas, sociais e pedag\u00f3gicas. Assim, configura um campo espec\u00edfico de a\u00e7\u00e3o, e guarda o desafio do encontro com outros discursos \u00e0s vezes equivocadamente considerados antag\u00f4nicos. Um escrito primordial no tempo em que a onda negacionista se imp\u00f5e e parece nos jogar no status quo ante da descoberta freudiana do inconsciente e da sexualidade infantil.<\/p>\n<p>Pedro Moacyr Brand\u00e3o Jr<\/p>\n<p>&nbsp;<\/p>\n<table class=\"wp-list-table widefat fixed striped table-view-list posts\">\n<tbody id=\"the-list\">\n<tr id=\"post-1209\" class=\"iedit author-self level-0 post-1209 type-dflip status-publish hentry\">\n<td class=\"shortcode column-shortcode\" data-colname=\"Shortcode\"><code>[dflip id=\"1209\"][\/dflip]<\/code><\/td>\n<\/tr>\n<\/tbody>\n<\/table>\n","protected":false},"featured_media":1197,"comment_status":"open","ping_status":"closed","template":"","meta":[],"product_brand":[],"product_cat":[17,19],"product_tag":[],"class_list":{"0":"post-1196","1":"product","2":"type-product","3":"status-publish","4":"has-post-thumbnail","6":"product_cat-heresia-lacaniana","7":"product_cat-livros","8":"product_shipping_class-livros","10":"first","11":"instock","12":"shipping-taxable","13":"purchasable","14":"product-type-simple"},"_links":{"self":[{"href":"https:\/\/larvatusprodeo.com.br\/loja\/index.php\/wp-json\/wp\/v2\/product\/1196","targetHints":{"allow":["GET"]}}],"collection":[{"href":"https:\/\/larvatusprodeo.com.br\/loja\/index.php\/wp-json\/wp\/v2\/product"}],"about":[{"href":"https:\/\/larvatusprodeo.com.br\/loja\/index.php\/wp-json\/wp\/v2\/types\/product"}],"replies":[{"embeddable":true,"href":"https:\/\/larvatusprodeo.com.br\/loja\/index.php\/wp-json\/wp\/v2\/comments?post=1196"}],"wp:featuredmedia":[{"embeddable":true,"href":"https:\/\/larvatusprodeo.com.br\/loja\/index.php\/wp-json\/wp\/v2\/media\/1197"}],"wp:attachment":[{"href":"https:\/\/larvatusprodeo.com.br\/loja\/index.php\/wp-json\/wp\/v2\/media?parent=1196"}],"wp:term":[{"taxonomy":"product_brand","embeddable":true,"href":"https:\/\/larvatusprodeo.com.br\/loja\/index.php\/wp-json\/wp\/v2\/product_brand?post=1196"},{"taxonomy":"product_cat","embeddable":true,"href":"https:\/\/larvatusprodeo.com.br\/loja\/index.php\/wp-json\/wp\/v2\/product_cat?post=1196"},{"taxonomy":"product_tag","embeddable":true,"href":"https:\/\/larvatusprodeo.com.br\/loja\/index.php\/wp-json\/wp\/v2\/product_tag?post=1196"}],"curies":[{"name":"wp","href":"https:\/\/api.w.org\/{rel}","templated":true}]}}