{"id":1454,"date":"2025-12-03T15:00:58","date_gmt":"2025-12-03T18:00:58","guid":{"rendered":"https:\/\/larvatusprodeo.com.br\/loja\/?post_type=product&#038;p=1454"},"modified":"2026-04-15T15:45:35","modified_gmt":"2026-04-15T18:45:35","slug":"promocao-combo-acessibilidade-educacao","status":"publish","type":"product","link":"https:\/\/larvatusprodeo.com.br\/loja\/index.php\/produto\/promocao-combo-acessibilidade-educacao\/","title":{"rendered":"PROMO\u00c7\u00c3O: Combo Acessibilidade &#038; Educa\u00e7\u00e3o"},"content":{"rendered":"<p>Neste combo, voc\u00ea leva:<\/p>\n<p>As Sete Dimens\u00f5es da Acessibilidade (Romeu Sassaki): Um guia essencial que apresenta, de forma did\u00e1tica, como identificar e remover barreiras arquitet\u00f4nicas, atitudinais e comunicacionais. \u00c9 a base te\u00f3rica necess\u00e1ria para construir uma sociedade verdadeiramente acess\u00edvel.<\/p>\n<p>Defici\u00eancia no Cotidiano Escolar (Marli Vizim): Uma imers\u00e3o na realidade da escola, onde o &#8220;desconhecimento&#8221; muitas vezes gera preconceito. A autora prop\u00f5e a escrita como resist\u00eancia e a transforma\u00e7\u00e3o da doc\u00eancia para acolher a diferen\u00e7a.<\/p>\n","protected":false},"excerpt":{"rendered":"<p>Neste combo, voc\u00ea leva:<\/p>\n<p>As Sete Dimens\u00f5es da Acessibilidade (Romeu Sassaki): Um guia essencial que apresenta, de forma did\u00e1tica, como identificar e remover barreiras arquitet\u00f4nicas, atitudinais e comunicacionais. \u00c9 a base te\u00f3rica necess\u00e1ria para construir uma sociedade verdadeiramente acess\u00edvel.<\/p>\n<p>Defici\u00eancia no Cotidiano Escolar (Marli Vizim): Uma imers\u00e3o na realidade da escola, onde o &#8220;desconhecimento&#8221; muitas vezes gera preconceito. A autora prop\u00f5e a escrita como resist\u00eancia e a transforma\u00e7\u00e3o da doc\u00eancia para acolher a diferen\u00e7a.<\/p>\n","protected":false},"featured_media":1455,"comment_status":"open","ping_status":"closed","template":"","meta":[],"product_brand":[],"product_cat":[19,18],"product_tag":[],"class_list":{"0":"post-1454","1":"product","2":"type-product","3":"status-publish","4":"has-post-thumbnail","6":"product_cat-livros","7":"product_cat-singularidades","8":"product_shipping_class-livros","10":"first","11":"outofstock","12":"shipping-taxable","13":"purchasable","14":"product-type-simple"},"_links":{"self":[{"href":"https:\/\/larvatusprodeo.com.br\/loja\/index.php\/wp-json\/wp\/v2\/product\/1454","targetHints":{"allow":["GET"]}}],"collection":[{"href":"https:\/\/larvatusprodeo.com.br\/loja\/index.php\/wp-json\/wp\/v2\/product"}],"about":[{"href":"https:\/\/larvatusprodeo.com.br\/loja\/index.php\/wp-json\/wp\/v2\/types\/product"}],"replies":[{"embeddable":true,"href":"https:\/\/larvatusprodeo.com.br\/loja\/index.php\/wp-json\/wp\/v2\/comments?post=1454"}],"wp:featuredmedia":[{"embeddable":true,"href":"https:\/\/larvatusprodeo.com.br\/loja\/index.php\/wp-json\/wp\/v2\/media\/1455"}],"wp:attachment":[{"href":"https:\/\/larvatusprodeo.com.br\/loja\/index.php\/wp-json\/wp\/v2\/media?parent=1454"}],"wp:term":[{"taxonomy":"product_brand","embeddable":true,"href":"https:\/\/larvatusprodeo.com.br\/loja\/index.php\/wp-json\/wp\/v2\/product_brand?post=1454"},{"taxonomy":"product_cat","embeddable":true,"href":"https:\/\/larvatusprodeo.com.br\/loja\/index.php\/wp-json\/wp\/v2\/product_cat?post=1454"},{"taxonomy":"product_tag","embeddable":true,"href":"https:\/\/larvatusprodeo.com.br\/loja\/index.php\/wp-json\/wp\/v2\/product_tag?post=1454"}],"curies":[{"name":"wp","href":"https:\/\/api.w.org\/{rel}","templated":true}]}}