{"id":24,"date":"2020-11-16T14:46:32","date_gmt":"2020-11-16T17:46:32","guid":{"rendered":"https:\/\/larvatusprodeo.com.br\/loja\/?post_type=product&#038;p=24"},"modified":"2026-01-05T10:31:48","modified_gmt":"2026-01-05T13:31:48","slug":"a-representacao-da-deficiencia-no-cotidiano-escolar","status":"publish","type":"product","link":"https:\/\/larvatusprodeo.com.br\/loja\/index.php\/produto\/a-representacao-da-deficiencia-no-cotidiano-escolar\/","title":{"rendered":"A Representa\u00e7\u00e3o da Defici\u00eancia no Cotidiano Escolar"},"content":{"rendered":"<p>Nesta escrita que agora se faz livro, Marli Vizim chama a aten\u00e7\u00e3o para <em>a defici\u00eancia no cotidiano escolar<\/em>, para <em>o aluno<\/em> <em>com defici\u00eancia<\/em>. Na escola, entretanto, o negativo que cerca a <em>defici\u00eancia<\/em> nem sempre se dirime. Curiosa e tristemente, neste espa\u00e7o a inclus\u00e3o pode n\u00e3o acontecer ou poucas vezes acontece. Quase sempre, ante a <em>defici\u00eancia<\/em>, a <em>escola<\/em> se revela o lugar do <em>desconhecimento<\/em>. \u00c9 o que, com propriedade, nos diz o texto de Marli, lembrando que o mesmo <em>desconhecimento<\/em> se torna sin\u00f4nimo de <em>preconceito<\/em> do qual a pr\u00e1tica pedag\u00f3gica n\u00e3o est\u00e1 livre; ao contr\u00e1rio. Esta verdade, por\u00e9m, pode se reverter. Epis\u00f3dios do texto indicam caminhos.<\/p>\n<p>Marli aponta que a escrita \u00e9 ainda resist\u00eancia. Por meio dela, muitos dizem um belo n\u00e3o \u00e0s dificuldades, superam-se. Ela lembra que a <em>defici\u00eancia<\/em> existe, mas ela deve equivaler a <em>diferen\u00e7a<\/em>, quando se pensa <em>escola inclusiva<\/em>. Para ela, os professores deveriam ter a escrita como dever de of\u00edcio; transformar aulas, pesquisas, ideias em textos complementa a doc\u00eancia, a faz maior.<\/p>\n","protected":false},"excerpt":{"rendered":"<p>Nesta escrita que agora se faz livro, Marli Vizim chama a aten\u00e7\u00e3o para <em>a defici\u00eancia no cotidiano escolar<\/em>, para <em>o aluno<\/em> <em>com defici\u00eancia<\/em>. Na escola, entretanto, o negativo que cerca a <em>defici\u00eancia<\/em> nem sempre se dirime. Curiosa e tristemente, neste espa\u00e7o a inclus\u00e3o pode n\u00e3o acontecer ou poucas vezes acontece. Quase sempre, ante a <em>defici\u00eancia<\/em>, a <em>escola<\/em> se revela o lugar do <em>desconhecimento<\/em>. \u00c9 o que, com propriedade, nos diz o texto de Marli, lembrando que o mesmo <em>desconhecimento<\/em> se torna sin\u00f4nimo de <em>preconceito<\/em> do qual a pr\u00e1tica pedag\u00f3gica n\u00e3o est\u00e1 livre; ao contr\u00e1rio. Esta verdade, por\u00e9m, pode se reverter. Epis\u00f3dios do texto indicam caminhos.<\/p>\n<p>Marli aponta que a escrita \u00e9 ainda resist\u00eancia. Por meio dela, muitos dizem um belo n\u00e3o \u00e0s dificuldades, superam-se. Ela lembra que a <em>defici\u00eancia<\/em> existe, mas ela deve equivaler a <em>diferen\u00e7a<\/em>, quando se pensa <em>escola inclusiva<\/em>. Para ela, os professores deveriam ter a escrita como dever de of\u00edcio; transformar aulas, pesquisas, ideias em textos complementa a doc\u00eancia, a faz maior.<\/p>\n","protected":false},"featured_media":37,"comment_status":"open","ping_status":"closed","template":"","meta":[],"product_brand":[],"product_cat":[19,18],"product_tag":[],"class_list":{"0":"post-24","1":"product","2":"type-product","3":"status-publish","4":"has-post-thumbnail","6":"product_cat-livros","7":"product_cat-singularidades","8":"product_shipping_class-livros","10":"first","11":"instock","12":"shipping-taxable","13":"purchasable","14":"product-type-simple"},"_links":{"self":[{"href":"https:\/\/larvatusprodeo.com.br\/loja\/index.php\/wp-json\/wp\/v2\/product\/24","targetHints":{"allow":["GET"]}}],"collection":[{"href":"https:\/\/larvatusprodeo.com.br\/loja\/index.php\/wp-json\/wp\/v2\/product"}],"about":[{"href":"https:\/\/larvatusprodeo.com.br\/loja\/index.php\/wp-json\/wp\/v2\/types\/product"}],"replies":[{"embeddable":true,"href":"https:\/\/larvatusprodeo.com.br\/loja\/index.php\/wp-json\/wp\/v2\/comments?post=24"}],"wp:featuredmedia":[{"embeddable":true,"href":"https:\/\/larvatusprodeo.com.br\/loja\/index.php\/wp-json\/wp\/v2\/media\/37"}],"wp:attachment":[{"href":"https:\/\/larvatusprodeo.com.br\/loja\/index.php\/wp-json\/wp\/v2\/media?parent=24"}],"wp:term":[{"taxonomy":"product_brand","embeddable":true,"href":"https:\/\/larvatusprodeo.com.br\/loja\/index.php\/wp-json\/wp\/v2\/product_brand?post=24"},{"taxonomy":"product_cat","embeddable":true,"href":"https:\/\/larvatusprodeo.com.br\/loja\/index.php\/wp-json\/wp\/v2\/product_cat?post=24"},{"taxonomy":"product_tag","embeddable":true,"href":"https:\/\/larvatusprodeo.com.br\/loja\/index.php\/wp-json\/wp\/v2\/product_tag?post=24"}],"curies":[{"name":"wp","href":"https:\/\/api.w.org\/{rel}","templated":true}]}}