{"id":264,"date":"2021-07-02T17:58:20","date_gmt":"2021-07-02T20:58:20","guid":{"rendered":"https:\/\/larvatusprodeo.com.br\/loja\/?post_type=product&#038;p=264"},"modified":"2026-01-05T10:27:10","modified_gmt":"2026-01-05T13:27:10","slug":"cartas-para-o-futuro","status":"publish","type":"product","link":"https:\/\/larvatusprodeo.com.br\/loja\/index.php\/produto\/cartas-para-o-futuro\/","title":{"rendered":"Cartas para o Futuro"},"content":{"rendered":"<p>O que voc\u00ea encontrar\u00e1 aqui, leitor(a) do futuro, \u00e9 um memorial do tempo presente, uma tentativa de sobreviv\u00eancia do testemunho num porvir, apesar da mortalidade dos autores. \u00c9 justamente para sobreviv\u00eancia de nossas mem\u00f3rias, para que a hist\u00f3ria n\u00e3o seja apagada, recalcada, enterrada, esquecida, desmentida, que apostamos na imensur\u00e1vel capacidade de extens\u00e3o da palavra escrita no tempo e no espa\u00e7o.<\/p>\n","protected":false},"excerpt":{"rendered":"<p>O que voc\u00ea encontrar\u00e1 aqui, leitor(a) do futuro, \u00e9 um memorial do tempo presente, uma tentativa de sobreviv\u00eancia do testemunho num porvir, apesar da mortalidade dos autores. \u00c9 justamente para sobreviv\u00eancia de nossas mem\u00f3rias, para que a hist\u00f3ria n\u00e3o seja apagada, recalcada, enterrada, esquecida, desmentida, que apostamos na imensur\u00e1vel capacidade de extens\u00e3o da palavra escrita no tempo e no espa\u00e7o.<\/p>\n","protected":false},"featured_media":265,"comment_status":"open","ping_status":"closed","template":"","meta":[],"product_brand":[],"product_cat":[21,19],"product_tag":[],"class_list":{"0":"post-264","1":"product","2":"type-product","3":"status-publish","4":"has-post-thumbnail","6":"product_cat-fio-e-foco","7":"product_cat-livros","8":"product_shipping_class-livros","10":"first","11":"instock","12":"shipping-taxable","13":"purchasable","14":"product-type-simple"},"_links":{"self":[{"href":"https:\/\/larvatusprodeo.com.br\/loja\/index.php\/wp-json\/wp\/v2\/product\/264","targetHints":{"allow":["GET"]}}],"collection":[{"href":"https:\/\/larvatusprodeo.com.br\/loja\/index.php\/wp-json\/wp\/v2\/product"}],"about":[{"href":"https:\/\/larvatusprodeo.com.br\/loja\/index.php\/wp-json\/wp\/v2\/types\/product"}],"replies":[{"embeddable":true,"href":"https:\/\/larvatusprodeo.com.br\/loja\/index.php\/wp-json\/wp\/v2\/comments?post=264"}],"wp:featuredmedia":[{"embeddable":true,"href":"https:\/\/larvatusprodeo.com.br\/loja\/index.php\/wp-json\/wp\/v2\/media\/265"}],"wp:attachment":[{"href":"https:\/\/larvatusprodeo.com.br\/loja\/index.php\/wp-json\/wp\/v2\/media?parent=264"}],"wp:term":[{"taxonomy":"product_brand","embeddable":true,"href":"https:\/\/larvatusprodeo.com.br\/loja\/index.php\/wp-json\/wp\/v2\/product_brand?post=264"},{"taxonomy":"product_cat","embeddable":true,"href":"https:\/\/larvatusprodeo.com.br\/loja\/index.php\/wp-json\/wp\/v2\/product_cat?post=264"},{"taxonomy":"product_tag","embeddable":true,"href":"https:\/\/larvatusprodeo.com.br\/loja\/index.php\/wp-json\/wp\/v2\/product_tag?post=264"}],"curies":[{"name":"wp","href":"https:\/\/api.w.org\/{rel}","templated":true}]}}