{"id":29,"date":"2020-11-16T14:58:42","date_gmt":"2020-11-16T17:58:42","guid":{"rendered":"https:\/\/larvatusprodeo.com.br\/loja\/?post_type=product&#038;p=29"},"modified":"2026-05-06T17:03:00","modified_gmt":"2026-05-06T20:03:00","slug":"as-sete-dimensoes-da-acessibilidade","status":"publish","type":"product","link":"https:\/\/larvatusprodeo.com.br\/loja\/index.php\/produto\/as-sete-dimensoes-da-acessibilidade\/","title":{"rendered":"As Sete Dimens\u00f5es da Acessibilidade"},"content":{"rendered":"<p>As sete dimens\u00f5es da acessibilidade (arquitet\u00f4nica, comunicacional, metodol\u00f3gica, instrumental, program\u00e1tica, atitudinal e natural), apresentadas neste livro, demonstram como a sociedade deve agir para promover ambientes constru\u00eddos e naturais que sejam favor\u00e1veis \u00e0 inclus\u00e3o de forma did\u00e1tica e organizada.<\/p>\n<p>A utiliza\u00e7\u00e3o das sete dimens\u00f5es da acessibilidade \u00e9 uma forma pr\u00e1tica de ajudar os atores sociais envolvidos a identificarem quais s\u00e3o as barreiras que impedem a inclus\u00e3o das pessoas com defici\u00eancia ou das pessoas com mobilidade reduzida no trabalho, na escola, no lazer ou na vida familiar.<\/p>\n<p>A contribui\u00e7\u00e3o conceitual que o professor Romeu Sassaki apresenta, resultado de sua relevante experi\u00eancia de v\u00e1rias d\u00e9cadas dedicadas \u00e0 inclus\u00e3o das pessoas com defici\u00eancia na sociedade, permitir\u00e1 o desenvolvimento de futuros estudos e pesquisas para o aprimoramento das t\u00e9cnicas e ferramentas que facilitem o trabalho de remo\u00e7\u00e3o e adapta\u00e7\u00e3o de barreiras que dificultam a inclus\u00e3o verdadeira.<\/p>\n","protected":false},"excerpt":{"rendered":"<p>As sete dimens\u00f5es da acessibilidade (arquitet\u00f4nica, comunicacional, metodol\u00f3gica, instrumental, program\u00e1tica, atitudinal e natural), apresentadas neste livro, demonstram como a sociedade deve agir para promover ambientes constru\u00eddos e naturais que sejam favor\u00e1veis \u00e0 inclus\u00e3o de forma did\u00e1tica e organizada.<\/p>\n<p>A utiliza\u00e7\u00e3o das sete dimens\u00f5es da acessibilidade \u00e9 uma forma pr\u00e1tica de ajudar os atores sociais envolvidos a identificarem quais s\u00e3o as barreiras que impedem a inclus\u00e3o das pessoas com defici\u00eancia ou das pessoas com mobilidade reduzida no trabalho, na escola, no lazer ou na vida familiar.<\/p>\n<p>A contribui\u00e7\u00e3o conceitual que o professor Romeu Sassaki apresenta, resultado de sua relevante experi\u00eancia de v\u00e1rias d\u00e9cadas dedicadas \u00e0 inclus\u00e3o das pessoas com defici\u00eancia na sociedade, permitir\u00e1 o desenvolvimento de futuros estudos e pesquisas para o aprimoramento das t\u00e9cnicas e ferramentas que facilitem o trabalho de remo\u00e7\u00e3o e adapta\u00e7\u00e3o de barreiras que dificultam a inclus\u00e3o verdadeira.<\/p>\n","protected":false},"featured_media":1312,"comment_status":"open","ping_status":"closed","template":"","meta":[],"product_brand":[],"product_cat":[19,18],"product_tag":[],"class_list":{"0":"post-29","1":"product","2":"type-product","3":"status-publish","4":"has-post-thumbnail","6":"product_cat-livros","7":"product_cat-singularidades","8":"product_shipping_class-livros","10":"first","11":"instock","12":"sale","13":"shipping-taxable","14":"purchasable","15":"product-type-simple"},"_links":{"self":[{"href":"https:\/\/larvatusprodeo.com.br\/loja\/index.php\/wp-json\/wp\/v2\/product\/29","targetHints":{"allow":["GET"]}}],"collection":[{"href":"https:\/\/larvatusprodeo.com.br\/loja\/index.php\/wp-json\/wp\/v2\/product"}],"about":[{"href":"https:\/\/larvatusprodeo.com.br\/loja\/index.php\/wp-json\/wp\/v2\/types\/product"}],"replies":[{"embeddable":true,"href":"https:\/\/larvatusprodeo.com.br\/loja\/index.php\/wp-json\/wp\/v2\/comments?post=29"}],"wp:featuredmedia":[{"embeddable":true,"href":"https:\/\/larvatusprodeo.com.br\/loja\/index.php\/wp-json\/wp\/v2\/media\/1312"}],"wp:attachment":[{"href":"https:\/\/larvatusprodeo.com.br\/loja\/index.php\/wp-json\/wp\/v2\/media?parent=29"}],"wp:term":[{"taxonomy":"product_brand","embeddable":true,"href":"https:\/\/larvatusprodeo.com.br\/loja\/index.php\/wp-json\/wp\/v2\/product_brand?post=29"},{"taxonomy":"product_cat","embeddable":true,"href":"https:\/\/larvatusprodeo.com.br\/loja\/index.php\/wp-json\/wp\/v2\/product_cat?post=29"},{"taxonomy":"product_tag","embeddable":true,"href":"https:\/\/larvatusprodeo.com.br\/loja\/index.php\/wp-json\/wp\/v2\/product_tag?post=29"}],"curies":[{"name":"wp","href":"https:\/\/api.w.org\/{rel}","templated":true}]}}