{"id":30,"date":"2020-11-16T14:59:26","date_gmt":"2020-11-16T17:59:26","guid":{"rendered":"https:\/\/larvatusprodeo.com.br\/loja\/?post_type=product&#038;p=30"},"modified":"2026-02-09T12:39:40","modified_gmt":"2026-02-09T15:39:40","slug":"o-desejo-nas-psicoses","status":"publish","type":"product","link":"https:\/\/larvatusprodeo.com.br\/loja\/index.php\/produto\/o-desejo-nas-psicoses\/","title":{"rendered":"O Desejo nas Psicoses"},"content":{"rendered":"<p>ESGOTADO &#8211; NOVA TIRAGEM EM BREVE<\/p>\n<p>&nbsp;<\/p>\n<p>O desejo indestrut\u00edvel \u2013 condi\u00e7\u00e3o absoluta \u2013 declina-se neste livro em duas quest\u00f5es, quais sejam: o desejo do analista e o desejo do psic\u00f3tico. A primeira, amplamente debatida na psican\u00e1lise, em particular a partir das elabora\u00e7\u00f5es de Lacan, mas n\u00e3o sem Freud. A segunda, devido a leituras enviesadas, poucas vezes apontada. Eis o interesse do trabalho rigoroso de pesquisa realizado por Julieta De Battista. A autora entra na quest\u00e3o a partir de uma pergunta precisa: o que \u00e9 o desejo na psican\u00e1lise?<\/p>\n","protected":false},"excerpt":{"rendered":"<p>ESGOTADO &#8211; NOVA TIRAGEM EM BREVE<\/p>\n<p>&nbsp;<\/p>\n<p>O desejo indestrut\u00edvel \u2013 condi\u00e7\u00e3o absoluta \u2013 declina-se neste livro em duas quest\u00f5es, quais sejam: o desejo do analista e o desejo do psic\u00f3tico. A primeira, amplamente debatida na psican\u00e1lise, em particular a partir das elabora\u00e7\u00f5es de Lacan, mas n\u00e3o sem Freud. A segunda, devido a leituras enviesadas, poucas vezes apontada. Eis o interesse do trabalho rigoroso de pesquisa realizado por Julieta De Battista. A autora entra na quest\u00e3o a partir de uma pergunta precisa: o que \u00e9 o desejo na psican\u00e1lise?<\/p>\n","protected":false},"featured_media":42,"comment_status":"open","ping_status":"closed","template":"","meta":[],"product_brand":[],"product_cat":[17,19],"product_tag":[],"class_list":{"0":"post-30","1":"product","2":"type-product","3":"status-publish","4":"has-post-thumbnail","6":"product_cat-heresia-lacaniana","7":"product_cat-livros","8":"product_shipping_class-livros","10":"first","11":"outofstock","12":"shipping-taxable","13":"purchasable","14":"product-type-simple"},"_links":{"self":[{"href":"https:\/\/larvatusprodeo.com.br\/loja\/index.php\/wp-json\/wp\/v2\/product\/30","targetHints":{"allow":["GET"]}}],"collection":[{"href":"https:\/\/larvatusprodeo.com.br\/loja\/index.php\/wp-json\/wp\/v2\/product"}],"about":[{"href":"https:\/\/larvatusprodeo.com.br\/loja\/index.php\/wp-json\/wp\/v2\/types\/product"}],"replies":[{"embeddable":true,"href":"https:\/\/larvatusprodeo.com.br\/loja\/index.php\/wp-json\/wp\/v2\/comments?post=30"}],"wp:featuredmedia":[{"embeddable":true,"href":"https:\/\/larvatusprodeo.com.br\/loja\/index.php\/wp-json\/wp\/v2\/media\/42"}],"wp:attachment":[{"href":"https:\/\/larvatusprodeo.com.br\/loja\/index.php\/wp-json\/wp\/v2\/media?parent=30"}],"wp:term":[{"taxonomy":"product_brand","embeddable":true,"href":"https:\/\/larvatusprodeo.com.br\/loja\/index.php\/wp-json\/wp\/v2\/product_brand?post=30"},{"taxonomy":"product_cat","embeddable":true,"href":"https:\/\/larvatusprodeo.com.br\/loja\/index.php\/wp-json\/wp\/v2\/product_cat?post=30"},{"taxonomy":"product_tag","embeddable":true,"href":"https:\/\/larvatusprodeo.com.br\/loja\/index.php\/wp-json\/wp\/v2\/product_tag?post=30"}],"curies":[{"name":"wp","href":"https:\/\/api.w.org\/{rel}","templated":true}]}}