{"id":32,"date":"2020-11-16T15:12:28","date_gmt":"2020-11-16T18:12:28","guid":{"rendered":"https:\/\/larvatusprodeo.com.br\/loja\/?post_type=product&#038;p=32"},"modified":"2026-04-22T15:42:36","modified_gmt":"2026-04-22T18:42:36","slug":"feminilidade-e-experiencia-psicanalitica","status":"publish","type":"product","link":"https:\/\/larvatusprodeo.com.br\/loja\/index.php\/produto\/feminilidade-e-experiencia-psicanalitica\/","title":{"rendered":"Feminilidade e Experi\u00eancia Psicanal\u00edtica &#8211; 4\u00aa EDI\u00c7\u00c3O"},"content":{"rendered":"<p align=\"justify\">4\u00aa EDI\u00c7\u00c3O<\/p>\n<p class=\"card-text\" align=\"justify\">H\u00e1 um final de an\u00e1lise distinto para a mulher e para o homem? Qual o papel da diferen\u00e7a anat\u00f4mica nessa distin\u00e7\u00e3o? Qual a rela\u00e7\u00e3o entre histeria e feminilidade? Essas quest\u00f5es podem ser condensadas na pergunta que tanto perturbou Freud: \u201co que quer uma mulher?\u201d, que se desdobra em \u201co que \u00e9 uma mulher?\u201d. A partir das formula\u00e7\u00f5es lacanianas a respeito d\u2019\u023a mulher ser n\u00e3o-toda em rela\u00e7\u00e3o ao gozo f\u00e1lico e da sustenta\u00e7\u00e3o da experi\u00eancia de Outro gozo, \u00e9 poss\u00edvel articular um posicionamento al\u00e9m do falo, embora referido a ele. \u023a mulher \u00e9 tomada como paradigma que possibilita falar do gozo que emerge do Real, positivando sua fun\u00e7\u00e3o na Psican\u00e1lise e reservando-lhe um lugar conceitual pr\u00f3prio.<\/p>\n<p align=\"right\"><button class=\"btn btn-warning rounded\" type=\"button\">Saiba mais\u00a0<\/button><\/p>\n","protected":false},"excerpt":{"rendered":"<p align=\"justify\">4\u00aa EDI\u00c7\u00c3O<\/p>\n<p>H\u00e1 um final de an\u00e1lise distinto para a mulher e para o homem? Qual o papel da diferen\u00e7a anat\u00f4mica nessa distin\u00e7\u00e3o? Qual a rela\u00e7\u00e3o entre histeria e feminilidade? Essas quest\u00f5es podem ser condensadas na pergunta que tanto perturbou Freud: \u201co que quer uma mulher?\u201d, que se desdobra em \u201co que \u00e9 uma mulher?\u201d. A partir das formula\u00e7\u00f5es lacanianas a respeito d\u2019\u023a mulher ser n\u00e3o-toda em rela\u00e7\u00e3o ao gozo f\u00e1lico e da sustenta\u00e7\u00e3o da experi\u00eancia de Outro gozo, \u00e9 poss\u00edvel articular um posicionamento al\u00e9m do falo, embora referido a ele. \u023a mulher \u00e9 tomada como paradigma que possibilita falar do gozo que emerge do Real, positivando sua fun\u00e7\u00e3o na Psican\u00e1lise e reservando-lhe um lugar conceitual pr\u00f3prio.<\/p>\n","protected":false},"featured_media":1338,"comment_status":"open","ping_status":"closed","template":"","meta":[],"product_brand":[],"product_cat":[17,19],"product_tag":[],"class_list":{"0":"post-32","1":"product","2":"type-product","3":"status-publish","4":"has-post-thumbnail","6":"product_cat-heresia-lacaniana","7":"product_cat-livros","8":"product_shipping_class-livros","10":"first","11":"instock","12":"shipping-taxable","13":"purchasable","14":"product-type-simple"},"_links":{"self":[{"href":"https:\/\/larvatusprodeo.com.br\/loja\/index.php\/wp-json\/wp\/v2\/product\/32","targetHints":{"allow":["GET"]}}],"collection":[{"href":"https:\/\/larvatusprodeo.com.br\/loja\/index.php\/wp-json\/wp\/v2\/product"}],"about":[{"href":"https:\/\/larvatusprodeo.com.br\/loja\/index.php\/wp-json\/wp\/v2\/types\/product"}],"replies":[{"embeddable":true,"href":"https:\/\/larvatusprodeo.com.br\/loja\/index.php\/wp-json\/wp\/v2\/comments?post=32"}],"wp:featuredmedia":[{"embeddable":true,"href":"https:\/\/larvatusprodeo.com.br\/loja\/index.php\/wp-json\/wp\/v2\/media\/1338"}],"wp:attachment":[{"href":"https:\/\/larvatusprodeo.com.br\/loja\/index.php\/wp-json\/wp\/v2\/media?parent=32"}],"wp:term":[{"taxonomy":"product_brand","embeddable":true,"href":"https:\/\/larvatusprodeo.com.br\/loja\/index.php\/wp-json\/wp\/v2\/product_brand?post=32"},{"taxonomy":"product_cat","embeddable":true,"href":"https:\/\/larvatusprodeo.com.br\/loja\/index.php\/wp-json\/wp\/v2\/product_cat?post=32"},{"taxonomy":"product_tag","embeddable":true,"href":"https:\/\/larvatusprodeo.com.br\/loja\/index.php\/wp-json\/wp\/v2\/product_tag?post=32"}],"curies":[{"name":"wp","href":"https:\/\/api.w.org\/{rel}","templated":true}]}}