{"id":419,"date":"2021-09-24T10:48:02","date_gmt":"2021-09-24T13:48:02","guid":{"rendered":"https:\/\/larvatusprodeo.com.br\/loja\/?post_type=product&#038;p=419"},"modified":"2025-05-12T08:57:51","modified_gmt":"2025-05-12T11:57:51","slug":"o-sujeito-na-estrada-da-estacao","status":"publish","type":"product","link":"https:\/\/larvatusprodeo.com.br\/loja\/index.php\/produto\/o-sujeito-na-estrada-da-estacao\/","title":{"rendered":"O Sujeito na Entrada da Esta\u00e7\u00e3o &#8211; ESGOTADO"},"content":{"rendered":"<p><strong>ESGOTADO<\/strong><\/p>\n<p>Partindo da aposta fundadora de que na crian\u00e7a autista \u00e9 poss\u00edvel encontrar um sujeito, como em toda psican\u00e1lise, Luis Achilles Furtado traz a p\u00fablico o resultado de anos de pesquisas. O livro retrata o encontro do autista com o psicanalista, derrubando preconceitos segundo os quais a psican\u00e1lise n\u00e3o seria adequada a essa cl\u00ednica. Uma pesquisa que se fundamenta na orienta\u00e7\u00e3o segundo a qual o que est\u00e1 em jogo \u00e9 \u201ca l\u00f3gica da linguagem [que] toca o corpo do sujeito promovendo uma marca, uma inscri\u00e7\u00e3o ps\u00edquica de gozo\u201d, de modo que o peso das palavras para essas crian\u00e7as \u00e9 muito s\u00e9rio, como j\u00e1 observava Lacan. Partindo disso, o livro retoma as palavras, nas diferentes vers\u00f5es do famoso caso Dick, atendido dos 4 aos 17 anos, e um texto in\u00e9dito em portugu\u00eas de sua psicanalista, Melanie Klein. Mas n\u00e3o s\u00f3, pois inclui a apresenta\u00e7\u00e3o de um excepcional projeto que se realiza no interior do Cear\u00e1, intitulado \u201c\u00c1gua de Chocalho\u201d \u2013 um sintagma bem nordestino \u2013, e cujas consequ\u00eancias certamente ainda dar\u00e3o novos frutos no futuro. Esse projeto se insere na Universidade Federal do Cear\u00e1 \u2013 Campus Sobral e \u00e9 financiado com Bolsa de Pesquisa da FUNCAP. Com os estudantes universit\u00e1rios, supervisionados por seus professores-psicanalistas, ele \u201cvisa promover atividades l\u00fadicas e\/ou art\u00edsticas que permitam tomar como fonte e fio condutor, as pr\u00f3prias inven\u00e7\u00f5es da crian\u00e7a\u201d e produz, a partir disso, achados cl\u00ednicos \u00edmpares, como a observa\u00e7\u00e3o de que, atrav\u00e9s da m\u00fasica tocada por duas crian\u00e7as, aquela que tem um diagn\u00f3stico de autista pode interagir com a outra. Descobrir a forma como o texto o explica, deixo aos leitores do livro, a que os convido, de modo a poderem se tornar tamb\u00e9m testemunhas do desafio cl\u00ednico constante na psican\u00e1lise com autistas, que se d\u00e1 na forma de \u201carticular, na fun\u00e7\u00e3o da fala, algo que promova o salto no qual a dimens\u00e3o simb\u00f3lica da palavra se articule com sua dimens\u00e3o real e ressonante\u201d.<br \/>\nSonia Alberti, 26 de abril de 2021.<\/p>\n","protected":false},"excerpt":{"rendered":"<p><strong>ESGOTADO<\/strong><\/p>\n<p>Partindo da aposta fundadora de que na crian\u00e7a autista \u00e9 poss\u00edvel encontrar um sujeito, como em toda psican\u00e1lise, Luis Achilles Furtado traz a p\u00fablico o resultado de anos de pesquisas. O livro retrata o encontro do autista com o psicanalista, derrubando preconceitos segundo os quais a psican\u00e1lise n\u00e3o seria adequada a essa cl\u00ednica. Uma pesquisa que se fundamenta na orienta\u00e7\u00e3o segundo a qual o que est\u00e1 em jogo \u00e9 \u201ca l\u00f3gica da linguagem [que] toca o corpo do sujeito promovendo uma marca, uma inscri\u00e7\u00e3o ps\u00edquica de gozo\u201d, de modo que o peso das palavras para essas crian\u00e7as \u00e9 muito s\u00e9rio, como j\u00e1 observava Lacan. Partindo disso, o livro retoma as palavras, nas diferentes vers\u00f5es do famoso caso Dick, atendido dos 4 aos 17 anos, e um texto in\u00e9dito em portugu\u00eas de sua psicanalista, Melanie Klein. Mas n\u00e3o s\u00f3, pois inclui a apresenta\u00e7\u00e3o de um excepcional projeto que se realiza no interior do Cear\u00e1, intitulado \u201c\u00c1gua de Chocalho\u201d \u2013 um sintagma bem nordestino \u2013, e cujas consequ\u00eancias certamente ainda dar\u00e3o novos frutos no futuro. Esse projeto se insere na Universidade Federal do Cear\u00e1 \u2013 Campus Sobral e \u00e9 financiado com Bolsa de Pesquisa da FUNCAP. Com os estudantes universit\u00e1rios, supervisionados por seus professores-psicanalistas, ele \u201cvisa promover atividades l\u00fadicas e\/ou art\u00edsticas que permitam tomar como fonte e fio condutor, as pr\u00f3prias inven\u00e7\u00f5es da crian\u00e7a\u201d e produz, a partir disso, achados cl\u00ednicos \u00edmpares, como a observa\u00e7\u00e3o de que, atrav\u00e9s da m\u00fasica tocada por duas crian\u00e7as, aquela que tem um diagn\u00f3stico de autista pode interagir com a outra. Descobrir a forma como o texto o explica, deixo aos leitores do livro, a que os convido, de modo a poderem se tornar tamb\u00e9m testemunhas do desafio cl\u00ednico constante na psican\u00e1lise com autistas, que se d\u00e1 na forma de \u201carticular, na fun\u00e7\u00e3o da fala, algo que promova o salto no qual a dimens\u00e3o simb\u00f3lica da palavra se articule com sua dimens\u00e3o real e ressonante\u201d.<br \/>\nSonia Alberti, 26 de abril de 2021.<\/p>\n","protected":false},"featured_media":422,"comment_status":"open","ping_status":"closed","template":"","meta":[],"product_brand":[],"product_cat":[17,19],"product_tag":[],"class_list":{"0":"post-419","1":"product","2":"type-product","3":"status-publish","4":"has-post-thumbnail","6":"product_cat-heresia-lacaniana","7":"product_cat-livros","8":"product_shipping_class-livros","10":"first","11":"outofstock","12":"shipping-taxable","13":"purchasable","14":"product-type-simple"},"_links":{"self":[{"href":"https:\/\/larvatusprodeo.com.br\/loja\/index.php\/wp-json\/wp\/v2\/product\/419","targetHints":{"allow":["GET"]}}],"collection":[{"href":"https:\/\/larvatusprodeo.com.br\/loja\/index.php\/wp-json\/wp\/v2\/product"}],"about":[{"href":"https:\/\/larvatusprodeo.com.br\/loja\/index.php\/wp-json\/wp\/v2\/types\/product"}],"replies":[{"embeddable":true,"href":"https:\/\/larvatusprodeo.com.br\/loja\/index.php\/wp-json\/wp\/v2\/comments?post=419"}],"wp:featuredmedia":[{"embeddable":true,"href":"https:\/\/larvatusprodeo.com.br\/loja\/index.php\/wp-json\/wp\/v2\/media\/422"}],"wp:attachment":[{"href":"https:\/\/larvatusprodeo.com.br\/loja\/index.php\/wp-json\/wp\/v2\/media?parent=419"}],"wp:term":[{"taxonomy":"product_brand","embeddable":true,"href":"https:\/\/larvatusprodeo.com.br\/loja\/index.php\/wp-json\/wp\/v2\/product_brand?post=419"},{"taxonomy":"product_cat","embeddable":true,"href":"https:\/\/larvatusprodeo.com.br\/loja\/index.php\/wp-json\/wp\/v2\/product_cat?post=419"},{"taxonomy":"product_tag","embeddable":true,"href":"https:\/\/larvatusprodeo.com.br\/loja\/index.php\/wp-json\/wp\/v2\/product_tag?post=419"}],"curies":[{"name":"wp","href":"https:\/\/api.w.org\/{rel}","templated":true}]}}