{"id":659,"date":"2022-05-31T20:58:08","date_gmt":"2022-05-31T23:58:08","guid":{"rendered":"https:\/\/larvatusprodeo.com.br\/loja\/?post_type=product&#038;p=659"},"modified":"2026-04-02T17:42:34","modified_gmt":"2026-04-02T20:42:34","slug":"misoginia-e-psicanalise","status":"publish","type":"product","link":"https:\/\/larvatusprodeo.com.br\/loja\/index.php\/produto\/misoginia-e-psicanalise\/","title":{"rendered":"Misoginia e Psican\u00e1lise"},"content":{"rendered":"<p>Responder \u00e0 pergunta que norteia o percurso desse livro, e desse grupo, \u00e9 lidar com a contradi\u00e7\u00e3o pr\u00f3pria das ci\u00eancias que, feitas por sujeitos, se debru\u00e7am sobre a quest\u00e3o da pr\u00f3pria subjetividade. Mas \u00e9 tamb\u00e9m reconhecer que a pot\u00eancia da psican\u00e1lise n\u00e3o se encontra em suas respostas \u2013 que Freud tinha a \u00e9tica de apontar como hip\u00f3teses provis\u00f3rias, permanentemente inconformado com suas limita\u00e7\u00f5es \u2013 , mas na sustenta\u00e7\u00e3o das perguntas inc\u00f4modas. O presente livro traz a marca do arrojo daquelas que n\u00e3o capitularam diante dos silenciamentos de outrora e de hoje. Fazendo jus \u00e0s que nos antecederam, n\u00f3s, psicanalistas e mulheres, teimamos em nos fazer ouvir.<\/p>\n<p>Vera Iaconeli<\/p>\n","protected":false},"excerpt":{"rendered":"<p>Responder \u00e0 pergunta que norteia o percurso desse livro, e desse grupo, \u00e9 lidar com a contradi\u00e7\u00e3o pr\u00f3pria das ci\u00eancias que, feitas por sujeitos, se debru\u00e7am sobre a quest\u00e3o da pr\u00f3pria subjetividade. Mas \u00e9 tamb\u00e9m reconhecer que a pot\u00eancia da psican\u00e1lise n\u00e3o se encontra em suas respostas \u2013 que Freud tinha a \u00e9tica de apontar como hip\u00f3teses provis\u00f3rias, permanentemente inconformado com suas limita\u00e7\u00f5es \u2013 , mas na sustenta\u00e7\u00e3o das perguntas inc\u00f4modas. O presente livro traz a marca do arrojo daquelas que n\u00e3o capitularam diante dos silenciamentos de outrora e de hoje. Fazendo jus \u00e0s que nos antecederam, n\u00f3s, psicanalistas e mulheres, teimamos em nos fazer ouvir.<br \/>\nVera Iaconeli<\/p>\n","protected":false},"featured_media":662,"comment_status":"open","ping_status":"closed","template":"","meta":[],"product_brand":[],"product_cat":[17,19],"product_tag":[],"class_list":{"0":"post-659","1":"product","2":"type-product","3":"status-publish","4":"has-post-thumbnail","6":"product_cat-heresia-lacaniana","7":"product_cat-livros","8":"product_shipping_class-livros","10":"first","11":"instock","12":"shipping-taxable","13":"purchasable","14":"product-type-simple"},"_links":{"self":[{"href":"https:\/\/larvatusprodeo.com.br\/loja\/index.php\/wp-json\/wp\/v2\/product\/659","targetHints":{"allow":["GET"]}}],"collection":[{"href":"https:\/\/larvatusprodeo.com.br\/loja\/index.php\/wp-json\/wp\/v2\/product"}],"about":[{"href":"https:\/\/larvatusprodeo.com.br\/loja\/index.php\/wp-json\/wp\/v2\/types\/product"}],"replies":[{"embeddable":true,"href":"https:\/\/larvatusprodeo.com.br\/loja\/index.php\/wp-json\/wp\/v2\/comments?post=659"}],"wp:featuredmedia":[{"embeddable":true,"href":"https:\/\/larvatusprodeo.com.br\/loja\/index.php\/wp-json\/wp\/v2\/media\/662"}],"wp:attachment":[{"href":"https:\/\/larvatusprodeo.com.br\/loja\/index.php\/wp-json\/wp\/v2\/media?parent=659"}],"wp:term":[{"taxonomy":"product_brand","embeddable":true,"href":"https:\/\/larvatusprodeo.com.br\/loja\/index.php\/wp-json\/wp\/v2\/product_brand?post=659"},{"taxonomy":"product_cat","embeddable":true,"href":"https:\/\/larvatusprodeo.com.br\/loja\/index.php\/wp-json\/wp\/v2\/product_cat?post=659"},{"taxonomy":"product_tag","embeddable":true,"href":"https:\/\/larvatusprodeo.com.br\/loja\/index.php\/wp-json\/wp\/v2\/product_tag?post=659"}],"curies":[{"name":"wp","href":"https:\/\/api.w.org\/{rel}","templated":true}]}}