{"id":847,"date":"2022-11-03T19:07:19","date_gmt":"2022-11-03T22:07:19","guid":{"rendered":"https:\/\/larvatusprodeo.com.br\/loja\/?post_type=product&#038;p=847"},"modified":"2026-04-20T13:37:59","modified_gmt":"2026-04-20T16:37:59","slug":"da-fantasia-de-infancia-ao-infantil-da-fantasia","status":"publish","type":"product","link":"https:\/\/larvatusprodeo.com.br\/loja\/index.php\/produto\/da-fantasia-de-infancia-ao-infantil-da-fantasia\/","title":{"rendered":"Da fantasia de inf\u00e2ncia ao infantil da fantasia"},"content":{"rendered":"<p>Os problemas enfrentados no tratamento psicanal\u00edtico com crian\u00e7as decorrem da sobreposi\u00e7\u00e3o entre crian\u00e7a e sujeito e da valoriza\u00e7\u00e3o da inf\u00e2ncia como fase da vida, em detrimento da conceitualiza\u00e7\u00e3o de infantil como lugar. Esta \u00e9 a premissa de Ana Laura Prates para argumentar que, a partir da obra de Jaques Lacan, pode-se propor uma cl\u00ednica com crian\u00e7as que seja norteada pelas no\u00e7\u00f5es de sujeito do inconsciente, tempo l\u00f3gico e estrutura cl\u00ednica. A autora tamb\u00e9m defende a unidade da cl\u00ednica pela via da articula\u00e7\u00e3o l\u00f3gica do sujeito ao objeto na fantasia fundamental, articula\u00e7\u00e3o que possibilita sustentar a ideia de que a multiplicidade estrat\u00e9gica e t\u00e1tica que essa cl\u00ednica exige, bem como a transitividade a\u00ed implicada, evidencia sobremaneira as particular\u00edssimas rela\u00e7\u00f5es entre o Um e o m\u00faltiplo, que a Psican\u00e1lise permite transmitir de modo original e in\u00e9dito.<\/p>\n","protected":false},"excerpt":{"rendered":"<p>Os problemas enfrentados no tratamento psicanal\u00edtico com crian\u00e7as decorrem da sobreposi\u00e7\u00e3o entre crian\u00e7a e sujeito e da valoriza\u00e7\u00e3o da inf\u00e2ncia como fase da vida, em detrimento da conceitualiza\u00e7\u00e3o de infantil como lugar. Esta \u00e9 a premissa de Ana Laura Prates para argumentar que, a partir da obra de Jaques Lacan, pode-se propor uma cl\u00ednica com crian\u00e7as que seja norteada pelas no\u00e7\u00f5es de sujeito do inconsciente, tempo l\u00f3gico e estrutura cl\u00ednica. A autora tamb\u00e9m defende a unidade da cl\u00ednica pela via da articula\u00e7\u00e3o l\u00f3gica do sujeito ao objeto na fantasia fundamental, articula\u00e7\u00e3o que possibilita sustentar a ideia de que a multiplicidade estrat\u00e9gica e t\u00e1tica que essa cl\u00ednica exige, bem como a transitividade a\u00ed implicada, evidencia sobremaneira as particular\u00edssimas rela\u00e7\u00f5es entre o Um e o m\u00faltiplo, que a Psican\u00e1lise permite transmitir de modo original e in\u00e9dito.<\/p>\n","protected":false},"featured_media":849,"comment_status":"open","ping_status":"closed","template":"","meta":[],"product_brand":[],"product_cat":[17,19],"product_tag":[],"class_list":{"0":"post-847","1":"product","2":"type-product","3":"status-publish","4":"has-post-thumbnail","6":"product_cat-heresia-lacaniana","7":"product_cat-livros","8":"product_shipping_class-livros","10":"first","11":"outofstock","12":"shipping-taxable","13":"purchasable","14":"product-type-simple"},"_links":{"self":[{"href":"https:\/\/larvatusprodeo.com.br\/loja\/index.php\/wp-json\/wp\/v2\/product\/847","targetHints":{"allow":["GET"]}}],"collection":[{"href":"https:\/\/larvatusprodeo.com.br\/loja\/index.php\/wp-json\/wp\/v2\/product"}],"about":[{"href":"https:\/\/larvatusprodeo.com.br\/loja\/index.php\/wp-json\/wp\/v2\/types\/product"}],"replies":[{"embeddable":true,"href":"https:\/\/larvatusprodeo.com.br\/loja\/index.php\/wp-json\/wp\/v2\/comments?post=847"}],"wp:featuredmedia":[{"embeddable":true,"href":"https:\/\/larvatusprodeo.com.br\/loja\/index.php\/wp-json\/wp\/v2\/media\/849"}],"wp:attachment":[{"href":"https:\/\/larvatusprodeo.com.br\/loja\/index.php\/wp-json\/wp\/v2\/media?parent=847"}],"wp:term":[{"taxonomy":"product_brand","embeddable":true,"href":"https:\/\/larvatusprodeo.com.br\/loja\/index.php\/wp-json\/wp\/v2\/product_brand?post=847"},{"taxonomy":"product_cat","embeddable":true,"href":"https:\/\/larvatusprodeo.com.br\/loja\/index.php\/wp-json\/wp\/v2\/product_cat?post=847"},{"taxonomy":"product_tag","embeddable":true,"href":"https:\/\/larvatusprodeo.com.br\/loja\/index.php\/wp-json\/wp\/v2\/product_tag?post=847"}],"curies":[{"name":"wp","href":"https:\/\/api.w.org\/{rel}","templated":true}]}}